{"id":27,"date":"2011-09-14T15:53:30","date_gmt":"2011-09-14T15:53:30","guid":{"rendered":"http:\/\/www.hrvatski-sokol.hr\/?page_id=27"},"modified":"2023-03-24T14:47:40","modified_gmt":"2023-03-24T14:47:40","slug":"kontakt","status":"publish","type":"page","link":"https:\/\/www.hrvatski-sokol.hr\/?page_id=27","title":{"rendered":"Dokumenti"},"content":{"rendered":"\n<p><a href=\"http:\/\/www.hrvatski-sokol.hr\/wp-content\/uploads\/2023\/03\/STATUT-OVJERENI-7.05.2022.pdf\">Statut<\/a><\/p>\n\n\n\n<p><a href=\"http:\/\/www.hrvatski-sokol.hr\/wp-content\/uploads\/2023\/03\/IZVJESCE-O-RADU-ZA-2022.pdf\">Izvje\u0161\u0107e o radu u 2022. godin<\/a>u<\/p>\n\n\n\n<p><a href=\"http:\/\/www.hrvatski-sokol.hr\/wp-content\/uploads\/2023\/03\/FINANCIJSKO-IZVJESCE-ZA-2022.pdf\">Financijsko izvje\u0161\u0107e za 2022. godinu<\/a><\/p>\n\n\n\n<p><a href=\"http:\/\/www.hrvatski-sokol.hr\/wp-content\/uploads\/2023\/03\/PLAN-I-PROGRAM-RADA-ZA-2023-1.pdf\">Plan i program rada 2023. godinu<\/a><\/p>\n\n\n\n<p><a href=\"http:\/\/www.hrvatski-sokol.hr\/wp-content\/uploads\/2023\/03\/FINANCIJSKI-PLAN-ZA-2023.pdf\">Financijski plan za 2023. godinu<\/a><\/p>\n\n\n\n<p><a href=\"http:\/\/www.hrvatski-sokol.hr\/wp-content\/uploads\/2023\/03\/PRAVILNIK-O-DJELOVANJU-GARDE-26.10.2021.pdf\">Pravilnik o djelovanju Garde hrvatskog sokola Vinkovci<\/a><\/p>\n\n\n\n<p><a href=\"http:\/\/www.hrvatski-sokol.hr\/wp-content\/uploads\/2023\/03\/PRAVILNIK-O-IZDAVACKOJ-DJELATNOSTI-25-03-2022-KONACNO1-2.pdf\">Pravilnik o izdava\u010dkoj djelatnosti<\/a><\/p>\n\n\n\n<p><a href=\"http:\/\/www.hrvatski-sokol.hr\/wp-content\/uploads\/2023\/03\/prijem-u-clanstvo-HS.docx\">Pristupnica<\/a><\/p>\n","protected":false},"excerpt":{"rendered":"<p>Statut Izvje\u0161\u0107e o radu u 2022. godinu Financijsko izvje\u0161\u0107e za 2022. godinu Plan i program rada 2023. godinu Financijski plan za 2023. godinu Pravilnik o djelovanju Garde hrvatskog sokola Vinkovci Pravilnik o izdava\u010dkoj djelatnosti Pristupnica<\/p>\n","protected":false},"author":1,"featured_media":607,"parent":0,"menu_order":5,"comment_status":"closed","ping_status":"closed","template":"","meta":[],"_links":{"self":[{"href":"https:\/\/www.hrvatski-sokol.hr\/index.php?rest_route=\/wp\/v2\/pages\/27"}],"collection":[{"href":"https:\/\/www.hrvatski-sokol.hr\/index.php?rest_route=\/wp\/v2\/pages"}],"about":[{"href":"https:\/\/www.hrvatski-sokol.hr\/index.php?rest_route=\/wp\/v2\/types\/page"}],"author":[{"embeddable":true,"href":"https:\/\/www.hrvatski-sokol.hr\/index.php?rest_route=\/wp\/v2\/users\/1"}],"replies":[{"embeddable":true,"href":"https:\/\/www.hrvatski-sokol.hr\/index.php?rest_route=%2Fwp%2Fv2%2Fcomments&post=27"}],"version-history":[{"count":15,"href":"https:\/\/www.hrvatski-sokol.hr\/index.php?rest_route=\/wp\/v2\/pages\/27\/revisions"}],"predecessor-version":[{"id":777,"href":"https:\/\/www.hrvatski-sokol.hr\/index.php?rest_route=\/wp\/v2\/pages\/27\/revisions\/777"}],"wp:featuredmedia":[{"embeddable":true,"href":"https:\/\/www.hrvatski-sokol.hr\/index.php?rest_route=\/wp\/v2\/media\/607"}],"wp:attachment":[{"href":"https:\/\/www.hrvatski-sokol.hr\/index.php?rest_route=%2Fwp%2Fv2%2Fmedia&parent=27"}],"curies":[{"name":"wp","href":"https:\/\/api.w.org\/{rel}","templated":true}]}}