{"id":7,"date":"2011-07-03T19:50:12","date_gmt":"2011-07-03T19:50:12","guid":{"rendered":"http:\/\/www.hrvatski-sokol.hr\/?page_id=7"},"modified":"2023-03-24T12:08:13","modified_gmt":"2023-03-24T12:08:13","slug":"odora","status":"publish","type":"page","link":"https:\/\/www.hrvatski-sokol.hr\/?page_id=7","title":{"rendered":"Sokolski vjesnik"},"content":{"rendered":"<p style=\"text-align: justify;\"><span style=\"color: #993300;\"><a href=\"http:\/\/www.hrvatski-sokol.hr\/wp-content\/uploads\/2011\/07\/vj.jpg\"><img loading=\"lazy\" class=\"alignleft wp-image-111 \" src=\"http:\/\/www.hrvatski-sokol.hr\/wp-content\/uploads\/2011\/07\/vj.jpg\" alt=\"vj\" width=\"147\" height=\"209\" \/><\/a>Sokolski vjesnik<\/span>\u00a0<span style=\"color: #993300;\">je slu\u017ebeno glasilo Povijesnog i \u0161portskog dru\u0161tva Hrvatski sokol Vinkovci. Prvi broj je iza\u0161ao u kolovozu 2001. godine i od tada izlazi redovno dva do tri puta godi\u0161nje. Donosi pregled aktivnosti Hrvatskog sokola Vinkovci.<\/span><\/p>\n<p style=\"text-align: justify;\"><span style=\"color: #993300;\">Glavni urednik Sokolskog vjesnika je mr. sc. Zlatko Virc. Tiska se u 150 primjeraka i dijeli se besplatno \u010dalnovima i prijateljima.<\/span><br \/>\n<span style=\"color: #993300;\"> Uredni\u0161tvo danas \u010dini nekoliko \u010dlanova Hrvatskog sokola.<\/span><\/p>\n","protected":false},"excerpt":{"rendered":"<p>Sokolski vjesnik\u00a0je slu\u017ebeno glasilo Povijesnog i \u0161portskog dru\u0161tva Hrvatski sokol Vinkovci. Prvi broj je iza\u0161ao u kolovozu 2001. godine i od tada izlazi redovno dva do tri puta godi\u0161nje. Donosi pregled aktivnosti Hrvatskog sokola Vinkovci. Glavni urednik Sokolskog vjesnika je mr. sc. Zlatko Virc. Tiska se u 150 primjeraka i dijeli se besplatno \u010dalnovima i [&hellip;]<\/p>\n","protected":false},"author":1,"featured_media":377,"parent":0,"menu_order":4,"comment_status":"closed","ping_status":"closed","template":"","meta":[],"_links":{"self":[{"href":"https:\/\/www.hrvatski-sokol.hr\/index.php?rest_route=\/wp\/v2\/pages\/7"}],"collection":[{"href":"https:\/\/www.hrvatski-sokol.hr\/index.php?rest_route=\/wp\/v2\/pages"}],"about":[{"href":"https:\/\/www.hrvatski-sokol.hr\/index.php?rest_route=\/wp\/v2\/types\/page"}],"author":[{"embeddable":true,"href":"https:\/\/www.hrvatski-sokol.hr\/index.php?rest_route=\/wp\/v2\/users\/1"}],"replies":[{"embeddable":true,"href":"https:\/\/www.hrvatski-sokol.hr\/index.php?rest_route=%2Fwp%2Fv2%2Fcomments&post=7"}],"version-history":[{"count":19,"href":"https:\/\/www.hrvatski-sokol.hr\/index.php?rest_route=\/wp\/v2\/pages\/7\/revisions"}],"predecessor-version":[{"id":721,"href":"https:\/\/www.hrvatski-sokol.hr\/index.php?rest_route=\/wp\/v2\/pages\/7\/revisions\/721"}],"wp:featuredmedia":[{"embeddable":true,"href":"https:\/\/www.hrvatski-sokol.hr\/index.php?rest_route=\/wp\/v2\/media\/377"}],"wp:attachment":[{"href":"https:\/\/www.hrvatski-sokol.hr\/index.php?rest_route=%2Fwp%2Fv2%2Fmedia&parent=7"}],"curies":[{"name":"wp","href":"https:\/\/api.w.org\/{rel}","templated":true}]}}